{"id":828,"date":"2021-01-21T16:50:35","date_gmt":"2021-01-21T15:50:35","guid":{"rendered":"https:\/\/www.s1e.com\/faq\/"},"modified":"2023-05-07T18:55:16","modified_gmt":"2023-05-07T16:55:16","slug":"faq","status":"publish","type":"page","link":"https:\/\/www.s1e.com\/fr\/faq\/","title":{"rendered":"FAQ"},"content":{"rendered":"\t\t<div data-elementor-type=\"wp-page\" data-elementor-id=\"828\" class=\"elementor elementor-828 elementor-224\" data-elementor-post-type=\"page\">\n\t\t\t\t\t\t<section data-particle_enable=\"false\" data-particle-mobile-disabled=\"false\" class=\"elementor-section elementor-top-section elementor-element elementor-element-3dd5338 elementor-section-content-top elementor-reverse-mobile elementor-section-boxed elementor-section-height-default elementor-section-height-default\" data-id=\"3dd5338\" data-element_type=\"section\" data-settings=\"{&quot;background_background&quot;:&quot;classic&quot;}\">\n\t\t\t\t\t\t<div class=\"elementor-container elementor-column-gap-default\">\n\t\t\t\t\t<div class=\"elementor-column elementor-col-50 elementor-top-column elementor-element elementor-element-ca10b61\" data-id=\"ca10b61\" data-element_type=\"column\">\n\t\t\t<div class=\"elementor-widget-wrap elementor-element-populated\">\n\t\t\t\t\t\t<div class=\"elementor-element elementor-element-c64968d elementor-widget elementor-widget-heading\" data-id=\"c64968d\" data-element_type=\"widget\" data-widget_type=\"heading.default\">\n\t\t\t\t<div class=\"elementor-widget-container\">\n\t\t\t<h5 class=\"elementor-heading-title elementor-size-default\">FAQ<\/h5>\t\t<\/div>\n\t\t\t\t<\/div>\n\t\t\t\t<div class=\"elementor-element elementor-element-1c7e4af elementor-widget elementor-widget-heading\" data-id=\"1c7e4af\" data-element_type=\"widget\" data-widget_type=\"heading.default\">\n\t\t\t\t<div class=\"elementor-widget-container\">\n\t\t\t<h1 class=\"elementor-heading-title elementor-size-default\">Vous avez des questions? Nous avons les r\u00e9ponses!<\/h1>\t\t<\/div>\n\t\t\t\t<\/div>\n\t\t\t\t<div class=\"elementor-element elementor-element-ea0690b elementor-widget-divider--view-line elementor-widget elementor-widget-divider\" data-id=\"ea0690b\" data-element_type=\"widget\" data-widget_type=\"divider.default\">\n\t\t\t\t<div class=\"elementor-widget-container\">\n\t\t\t\t\t<div class=\"elementor-divider\">\n\t\t\t<span class=\"elementor-divider-separator\">\n\t\t\t\t\t\t<\/span>\n\t\t<\/div>\n\t\t\t\t<\/div>\n\t\t\t\t<\/div>\n\t\t\t\t<div class=\"elementor-element elementor-element-c26556e elementor-widget elementor-widget-text-editor\" data-id=\"c26556e\" data-element_type=\"widget\" data-widget_type=\"text-editor.default\">\n\t\t\t\t<div class=\"elementor-widget-container\">\n\t\t\t\t\t\t\t<p>Avez-vous encore des questions apr\u00e8s avoir lu les questions fr\u00e9quentes?<\/p>\t\t\t\t\t\t<\/div>\n\t\t\t\t<\/div>\n\t\t\t\t<div class=\"elementor-element elementor-element-38f8fb7 contact elementor-widget__width-auto elementor-mobile-align-center elementor-widget-mobile__width-inherit elementor-widget elementor-widget-button\" data-id=\"38f8fb7\" data-element_type=\"widget\" data-widget_type=\"button.default\">\n\t\t\t\t<div class=\"elementor-widget-container\">\n\t\t\t\t\t<div class=\"elementor-button-wrapper\">\n\t\t\t<a class=\"elementor-button elementor-button-link elementor-size-sm\" href=\"#\">\n\t\t\t\t\t\t<span class=\"elementor-button-content-wrapper\">\n\t\t\t\t\t\t\t\t\t<span class=\"elementor-button-text\">Contactez-nous<\/span>\n\t\t\t\t\t<\/span>\n\t\t\t\t\t<\/a>\n\t\t<\/div>\n\t\t\t\t<\/div>\n\t\t\t\t<\/div>\n\t\t\t\t\t<\/div>\n\t\t<\/div>\n\t\t\t\t<div class=\"elementor-column elementor-col-50 elementor-top-column elementor-element elementor-element-bc5a2b5\" data-id=\"bc5a2b5\" data-element_type=\"column\" data-settings=\"{&quot;background_background&quot;:&quot;classic&quot;}\">\n\t\t\t<div class=\"elementor-widget-wrap elementor-element-populated\">\n\t\t\t\t\t\t<div class=\"elementor-element elementor-element-260d473 elementor-widget elementor-widget-heading\" data-id=\"260d473\" data-element_type=\"widget\" data-widget_type=\"heading.default\">\n\t\t\t\t<div class=\"elementor-widget-container\">\n\t\t\t<h4 class=\"elementor-heading-title elementor-size-default\">Clients<\/h4>\t\t<\/div>\n\t\t\t\t<\/div>\n\t\t\t\t<div class=\"elementor-element elementor-element-5d775a0 elementor-widget elementor-widget-toggle\" data-id=\"5d775a0\" data-element_type=\"widget\" data-widget_type=\"toggle.default\">\n\t\t\t\t<div class=\"elementor-widget-container\">\n\t\t\t\t\t<div class=\"elementor-toggle\">\n\t\t\t\t\t\t\t<div class=\"elementor-toggle-item\">\n\t\t\t\t\t<div id=\"elementor-tab-title-9801\" class=\"elementor-tab-title\" data-tab=\"1\" role=\"button\" aria-controls=\"elementor-tab-content-9801\" aria-expanded=\"false\">\n\t\t\t\t\t\t\t\t\t\t\t\t<span class=\"elementor-toggle-icon elementor-toggle-icon-left\" aria-hidden=\"true\">\n\t\t\t\t\t\t\t\t\t\t\t\t\t\t\t<span class=\"elementor-toggle-icon-closed\"><i class=\"fas fa-caret-right\"><\/i><\/span>\n\t\t\t\t\t\t\t\t<span class=\"elementor-toggle-icon-opened\"><i class=\"elementor-toggle-icon-opened fas fa-caret-up\"><\/i><\/span>\n\t\t\t\t\t\t\t\t\t\t\t\t\t<\/span>\n\t\t\t\t\t\t\t\t\t\t\t\t<a class=\"elementor-toggle-title\" tabindex=\"0\">Quels sont les services que nous offrons ?<\/a>\n\t\t\t\t\t<\/div>\n\n\t\t\t\t\t<div id=\"elementor-tab-content-9801\" class=\"elementor-tab-content elementor-clearfix\" data-tab=\"1\" role=\"region\" aria-labelledby=\"elementor-tab-title-9801\"><p>Certains clients sont pr\u00eats, ils ont d\u00e9j\u00e0 effectu\u00e9 des recherches et ont besoin d&rsquo;un\u00a0consultant en immigration pour travailler sur leur strat\u00e9gie et leur processus de\u00a0demande. D&rsquo;autres clients ont besoin de renseignements suppl\u00e9mentaires, ils<br \/>doivent conna\u00eetre quel sc\u00e9nario est le mieux adapt\u00e9 \u00e0 leur propre situation.\u00a0Certains clients veulent quelqu&rsquo;un au Canada qui les guidera et les aidera \u00e0\u00a0comprendre davantage la vie dans ce pays. Quel type de client \u00eates-vous ?<\/p><p>Contactez-nous et nous pourrons commencer \u00e0 discuter de la meilleure voie vers<br \/>l\u2019immigration au Canada en fonction de votre situation.<\/p><\/div>\n\t\t\t\t<\/div>\n\t\t\t\t\t\t\t<div class=\"elementor-toggle-item\">\n\t\t\t\t\t<div id=\"elementor-tab-title-9802\" class=\"elementor-tab-title\" data-tab=\"2\" role=\"button\" aria-controls=\"elementor-tab-content-9802\" aria-expanded=\"false\">\n\t\t\t\t\t\t\t\t\t\t\t\t<span class=\"elementor-toggle-icon elementor-toggle-icon-left\" aria-hidden=\"true\">\n\t\t\t\t\t\t\t\t\t\t\t\t\t\t\t<span class=\"elementor-toggle-icon-closed\"><i class=\"fas fa-caret-right\"><\/i><\/span>\n\t\t\t\t\t\t\t\t<span class=\"elementor-toggle-icon-opened\"><i class=\"elementor-toggle-icon-opened fas fa-caret-up\"><\/i><\/span>\n\t\t\t\t\t\t\t\t\t\t\t\t\t<\/span>\n\t\t\t\t\t\t\t\t\t\t\t\t<a class=\"elementor-toggle-title\" tabindex=\"0\">Avec quels types de clients travaillons-nous ?<\/a>\n\t\t\t\t\t<\/div>\n\n\t\t\t\t\t<div id=\"elementor-tab-content-9802\" class=\"elementor-tab-content elementor-clearfix\" data-tab=\"2\" role=\"region\" aria-labelledby=\"elementor-tab-title-9802\"><p>Nous travaillons avec des personnes qui viennent du monde entier int\u00e9ress\u00e9es<br \/>par l&rsquo;investissement, le travail ou les \u00e9tudes au Canada.<\/p><\/div>\n\t\t\t\t<\/div>\n\t\t\t\t\t\t\t<div class=\"elementor-toggle-item\">\n\t\t\t\t\t<div id=\"elementor-tab-title-9803\" class=\"elementor-tab-title\" data-tab=\"3\" role=\"button\" aria-controls=\"elementor-tab-content-9803\" aria-expanded=\"false\">\n\t\t\t\t\t\t\t\t\t\t\t\t<span class=\"elementor-toggle-icon elementor-toggle-icon-left\" aria-hidden=\"true\">\n\t\t\t\t\t\t\t\t\t\t\t\t\t\t\t<span class=\"elementor-toggle-icon-closed\"><i class=\"fas fa-caret-right\"><\/i><\/span>\n\t\t\t\t\t\t\t\t<span class=\"elementor-toggle-icon-opened\"><i class=\"elementor-toggle-icon-opened fas fa-caret-up\"><\/i><\/span>\n\t\t\t\t\t\t\t\t\t\t\t\t\t<\/span>\n\t\t\t\t\t\t\t\t\t\t\t\t<a class=\"elementor-toggle-title\" tabindex=\"0\">Quel est le d\u00e9lai de traitement ?<\/a>\n\t\t\t\t\t<\/div>\n\n\t\t\t\t\t<div id=\"elementor-tab-content-9803\" class=\"elementor-tab-content elementor-clearfix\" data-tab=\"3\" role=\"region\" aria-labelledby=\"elementor-tab-title-9803\"><p>Nous ne pouvons pas vous garantir le d\u00e9lai de traitement, puisque la d\u00e9cision finale quant \u00e0 votre demande est prise par le gouvernement du Canada, et non par S1E.<\/p><\/div>\n\t\t\t\t<\/div>\n\t\t\t\t\t\t\t<div class=\"elementor-toggle-item\">\n\t\t\t\t\t<div id=\"elementor-tab-title-9804\" class=\"elementor-tab-title\" data-tab=\"4\" role=\"button\" aria-controls=\"elementor-tab-content-9804\" aria-expanded=\"false\">\n\t\t\t\t\t\t\t\t\t\t\t\t<span class=\"elementor-toggle-icon elementor-toggle-icon-left\" aria-hidden=\"true\">\n\t\t\t\t\t\t\t\t\t\t\t\t\t\t\t<span class=\"elementor-toggle-icon-closed\"><i class=\"fas fa-caret-right\"><\/i><\/span>\n\t\t\t\t\t\t\t\t<span class=\"elementor-toggle-icon-opened\"><i class=\"elementor-toggle-icon-opened fas fa-caret-up\"><\/i><\/span>\n\t\t\t\t\t\t\t\t\t\t\t\t\t<\/span>\n\t\t\t\t\t\t\t\t\t\t\t\t<a class=\"elementor-toggle-title\" tabindex=\"0\">Avons-nous des agents?<\/a>\n\t\t\t\t\t<\/div>\n\n\t\t\t\t\t<div id=\"elementor-tab-content-9804\" class=\"elementor-tab-content elementor-clearfix\" data-tab=\"4\" role=\"region\" aria-labelledby=\"elementor-tab-title-9804\"><p>Nous sommes toujours \u00e0 la recherche d&rsquo;agents, de r\u00e9f\u00e9rences et de professionnels pour nous d\u00e9velopper et nous \u00e9tendre.<\/p><\/div>\n\t\t\t\t<\/div>\n\t\t\t\t\t\t\t<div class=\"elementor-toggle-item\">\n\t\t\t\t\t<div id=\"elementor-tab-title-9805\" class=\"elementor-tab-title\" data-tab=\"5\" role=\"button\" aria-controls=\"elementor-tab-content-9805\" aria-expanded=\"false\">\n\t\t\t\t\t\t\t\t\t\t\t\t<span class=\"elementor-toggle-icon elementor-toggle-icon-left\" aria-hidden=\"true\">\n\t\t\t\t\t\t\t\t\t\t\t\t\t\t\t<span class=\"elementor-toggle-icon-closed\"><i class=\"fas fa-caret-right\"><\/i><\/span>\n\t\t\t\t\t\t\t\t<span class=\"elementor-toggle-icon-opened\"><i class=\"elementor-toggle-icon-opened fas fa-caret-up\"><\/i><\/span>\n\t\t\t\t\t\t\t\t\t\t\t\t\t<\/span>\n\t\t\t\t\t\t\t\t\t\t\t\t<a class=\"elementor-toggle-title\" tabindex=\"0\">\u00cates-vous admissible pour immigrer au Canada?<\/a>\n\t\t\t\t\t<\/div>\n\n\t\t\t\t\t<div id=\"elementor-tab-content-9805\" class=\"elementor-tab-content elementor-clearfix\" data-tab=\"5\" role=\"region\" aria-labelledby=\"elementor-tab-title-9805\"><p><a href=\"https:\/\/www.s1e.com\/fr\/are-you-eligible-for-immigration\/\">Veuillez remplir ce formulaire<\/a>\u00a0pour que vous puissions obtenir plus de renseignements sur vous et votre profil. Ensuite, nous vous contacterons d\u00e8s que possible.<\/p><\/div>\n\t\t\t\t<\/div>\n\t\t\t\t\t\t\t\t<\/div>\n\t\t\t\t<\/div>\n\t\t\t\t<\/div>\n\t\t\t\t<div class=\"elementor-element elementor-element-612a7f9 elementor-widget elementor-widget-heading\" data-id=\"612a7f9\" data-element_type=\"widget\" data-widget_type=\"heading.default\">\n\t\t\t\t<div class=\"elementor-widget-container\">\n\t\t\t<h4 class=\"elementor-heading-title elementor-size-default\">\u00c0 propos de nous<\/h4>\t\t<\/div>\n\t\t\t\t<\/div>\n\t\t\t\t<div class=\"elementor-element elementor-element-9e9d632 elementor-widget elementor-widget-toggle\" data-id=\"9e9d632\" data-element_type=\"widget\" data-widget_type=\"toggle.default\">\n\t\t\t\t<div class=\"elementor-widget-container\">\n\t\t\t\t\t<div class=\"elementor-toggle\">\n\t\t\t\t\t\t\t<div class=\"elementor-toggle-item\">\n\t\t\t\t\t<div id=\"elementor-tab-title-1661\" class=\"elementor-tab-title\" data-tab=\"1\" role=\"button\" aria-controls=\"elementor-tab-content-1661\" aria-expanded=\"false\">\n\t\t\t\t\t\t\t\t\t\t\t\t<span class=\"elementor-toggle-icon elementor-toggle-icon-left\" aria-hidden=\"true\">\n\t\t\t\t\t\t\t\t\t\t\t\t\t\t\t<span class=\"elementor-toggle-icon-closed\"><i class=\"fas fa-caret-right\"><\/i><\/span>\n\t\t\t\t\t\t\t\t<span class=\"elementor-toggle-icon-opened\"><i class=\"elementor-toggle-icon-opened fas fa-caret-up\"><\/i><\/span>\n\t\t\t\t\t\t\t\t\t\t\t\t\t<\/span>\n\t\t\t\t\t\t\t\t\t\t\t\t<a class=\"elementor-toggle-title\" tabindex=\"0\">Qui op\u00e8re les services de consultation en immigration de S1E?<\/a>\n\t\t\t\t\t<\/div>\n\n\t\t\t\t\t<div id=\"elementor-tab-content-1661\" class=\"elementor-tab-content elementor-clearfix\" data-tab=\"1\" role=\"region\" aria-labelledby=\"elementor-tab-title-1661\"><p>Les services de consultation en immigration de S1E sont op\u00e9r\u00e9s par Christine<br \/>McLean (RCIC), originaire du Royaume-Uni et devenue citoyenne canadienne en<br \/>1998. Elle est membre en r\u00e8gle du Conseil de r\u00e9glementation des consultants en<br \/>immigration du Canada (CRCIC).<\/p><\/div>\n\t\t\t\t<\/div>\n\t\t\t\t\t\t\t<div class=\"elementor-toggle-item\">\n\t\t\t\t\t<div id=\"elementor-tab-title-1662\" class=\"elementor-tab-title\" data-tab=\"2\" role=\"button\" aria-controls=\"elementor-tab-content-1662\" aria-expanded=\"false\">\n\t\t\t\t\t\t\t\t\t\t\t\t<span class=\"elementor-toggle-icon elementor-toggle-icon-left\" aria-hidden=\"true\">\n\t\t\t\t\t\t\t\t\t\t\t\t\t\t\t<span class=\"elementor-toggle-icon-closed\"><i class=\"fas fa-caret-right\"><\/i><\/span>\n\t\t\t\t\t\t\t\t<span class=\"elementor-toggle-icon-opened\"><i class=\"elementor-toggle-icon-opened fas fa-caret-up\"><\/i><\/span>\n\t\t\t\t\t\t\t\t\t\t\t\t\t<\/span>\n\t\t\t\t\t\t\t\t\t\t\t\t<a class=\"elementor-toggle-title\" tabindex=\"0\">Quelle est notre exp\u00e9rience?<\/a>\n\t\t\t\t\t<\/div>\n\n\t\t\t\t\t<div id=\"elementor-tab-content-1662\" class=\"elementor-tab-content elementor-clearfix\" data-tab=\"2\" role=\"region\" aria-labelledby=\"elementor-tab-title-1662\"><p>Vivant au Canada, j&rsquo;ai l&rsquo;exp\u00e9rience d&rsquo;un nouvel arrivant, d&rsquo;un \u00e9tudiant, d&rsquo;un\u00a0employ\u00e9, d&rsquo;un entrepreneur et maintenant d\u2019un propri\u00e9taire d&rsquo;entreprise. Au cours\u00a0de ma carri\u00e8re, j&rsquo;ai organis\u00e9 plusieurs missions commerciales canadiennes \u00e0\u00a0l&rsquo;\u00e9tranger pour promouvoir les affaires canadiennes et l&rsquo;entrepreneuriat lors\u00a0d&rsquo;\u00e9v\u00e9nements internationaux, notamment l&rsquo;Exposition universelle \u00e0 Aichi, au\u00a0Japon, ainsi que les Jeux du Commonwealth. J\u2019ai \u00e9galement repr\u00e9sent\u00e9 plusieurs\u00a0entreprises canadiennes lors des \u00e9v\u00e9nements commerciaux de premier plan en\u00a0Am\u00e9rique du Nord et en Europe afin d\u2019attirer des investissements au Canada.<\/p><\/div>\n\t\t\t\t<\/div>\n\t\t\t\t\t\t\t<div class=\"elementor-toggle-item\">\n\t\t\t\t\t<div id=\"elementor-tab-title-1663\" class=\"elementor-tab-title\" data-tab=\"3\" role=\"button\" aria-controls=\"elementor-tab-content-1663\" aria-expanded=\"false\">\n\t\t\t\t\t\t\t\t\t\t\t\t<span class=\"elementor-toggle-icon elementor-toggle-icon-left\" aria-hidden=\"true\">\n\t\t\t\t\t\t\t\t\t\t\t\t\t\t\t<span class=\"elementor-toggle-icon-closed\"><i class=\"fas fa-caret-right\"><\/i><\/span>\n\t\t\t\t\t\t\t\t<span class=\"elementor-toggle-icon-opened\"><i class=\"elementor-toggle-icon-opened fas fa-caret-up\"><\/i><\/span>\n\t\t\t\t\t\t\t\t\t\t\t\t\t<\/span>\n\t\t\t\t\t\t\t\t\t\t\t\t<a class=\"elementor-toggle-title\" tabindex=\"0\">Quel est l'ampleur de notre r\u00e9seau d'affaires?<\/a>\n\t\t\t\t\t<\/div>\n\n\t\t\t\t\t<div id=\"elementor-tab-content-1663\" class=\"elementor-tab-content elementor-clearfix\" data-tab=\"3\" role=\"region\" aria-labelledby=\"elementor-tab-title-1663\"><p>Mon dernier projet a permis d\u2019aider les entreprises canadiennes \u00e0 p\u00e9n\u00e9trer et \u00e0<br \/>d\u00e9velopper de nouvelles opportunit\u00e9s dans de nouveaux march\u00e9s, ce qui m\u2019a<br \/>amen\u00e9 \u00e0 travailler dans le domaine de l\u2019immigration et de la mobilit\u00e9<br \/>internationale. Je dispose d\u2019une \u00e9quipe en place et d\u2019un r\u00e9seau national de<br \/>contacts \u00e0 la recherche de moyens innovants pour d\u00e9velopper des opportunit\u00e9s<br \/>pour les immigrants.<\/p><\/div>\n\t\t\t\t<\/div>\n\t\t\t\t\t\t\t\t<\/div>\n\t\t\t\t<\/div>\n\t\t\t\t<\/div>\n\t\t\t\t\t<\/div>\n\t\t<\/div>\n\t\t\t\t\t<\/div>\n\t\t<\/section>\n\t\t\t\t<\/div>\n\t\t","protected":false},"excerpt":{"rendered":"<p>FAQ Vous avez des questions? Nous avons les r\u00e9ponses! Avez-vous encore des questions apr\u00e8s avoir lu les questions fr\u00e9quentes? Contactez-nous Clients Quels sont les services que nous offrons ? Certains clients sont pr\u00eats, ils ont d\u00e9j\u00e0 effectu\u00e9 des recherches et ont besoin d&#8217;un\u00a0consultant en immigration pour travailler sur leur strat\u00e9gie et leur processus de\u00a0demande. D&#8217;autres [&hellip;]<\/p>\n","protected":false},"author":1,"featured_media":0,"parent":0,"menu_order":0,"comment_status":"closed","ping_status":"closed","template":"elementor_header_footer","meta":{"footnotes":""},"class_list":["post-828","page","type-page","status-publish","hentry"],"yoast_head":"<!-- This site is optimized with the Yoast SEO plugin v23.3 - https:\/\/yoast.com\/wordpress\/plugins\/seo\/ -->\n<title>FAQ - S1E Immigration Services<\/title>\n<meta name=\"robots\" content=\"index, follow, max-snippet:-1, max-image-preview:large, max-video-preview:-1\" \/>\n<link rel=\"canonical\" href=\"https:\/\/www.s1e.com\/fr\/faq\/\" \/>\n<meta property=\"og:locale\" content=\"fr_FR\" \/>\n<meta property=\"og:type\" content=\"article\" \/>\n<meta property=\"og:title\" content=\"FAQ - S1E Immigration Services\" \/>\n<meta property=\"og:description\" content=\"FAQ Vous avez des questions? Nous avons les r\u00e9ponses! Avez-vous encore des questions apr\u00e8s avoir lu les questions fr\u00e9quentes? Contactez-nous Clients Quels sont les services que nous offrons ? Certains clients sont pr\u00eats, ils ont d\u00e9j\u00e0 effectu\u00e9 des recherches et ont besoin d&#8217;un\u00a0consultant en immigration pour travailler sur leur strat\u00e9gie et leur processus de\u00a0demande. D&#8217;autres [&hellip;]\" \/>\n<meta property=\"og:url\" content=\"https:\/\/www.s1e.com\/fr\/faq\/\" \/>\n<meta property=\"og:site_name\" content=\"S1E Immigration Services\" \/>\n<meta property=\"article:publisher\" content=\"https:\/\/www.facebook.com\/S1EImmigration\/\" \/>\n<meta property=\"article:modified_time\" content=\"2023-05-07T16:55:16+00:00\" \/>\n<meta name=\"twitter:card\" content=\"summary_large_image\" \/>\n<meta name=\"twitter:label1\" content=\"Dur\u00e9e de lecture estim\u00e9e\" \/>\n\t<meta name=\"twitter:data1\" content=\"2 minutes\" \/>\n<script type=\"application\/ld+json\" class=\"yoast-schema-graph\">{\"@context\":\"https:\/\/schema.org\",\"@graph\":[{\"@type\":\"WebPage\",\"@id\":\"https:\/\/www.s1e.com\/fr\/faq\/\",\"url\":\"https:\/\/www.s1e.com\/fr\/faq\/\",\"name\":\"FAQ - S1E Immigration Services\",\"isPartOf\":{\"@id\":\"https:\/\/www.s1e.com\/#website\"},\"datePublished\":\"2021-01-21T15:50:35+00:00\",\"dateModified\":\"2023-05-07T16:55:16+00:00\",\"breadcrumb\":{\"@id\":\"https:\/\/www.s1e.com\/fr\/faq\/#breadcrumb\"},\"inLanguage\":\"fr-FR\",\"potentialAction\":[{\"@type\":\"ReadAction\",\"target\":[\"https:\/\/www.s1e.com\/fr\/faq\/\"]}]},{\"@type\":\"BreadcrumbList\",\"@id\":\"https:\/\/www.s1e.com\/fr\/faq\/#breadcrumb\",\"itemListElement\":[{\"@type\":\"ListItem\",\"position\":1,\"name\":\"Home\",\"item\":\"https:\/\/www.s1e.com\/fr\/\"},{\"@type\":\"ListItem\",\"position\":2,\"name\":\"FAQ\"}]},{\"@type\":\"WebSite\",\"@id\":\"https:\/\/www.s1e.com\/#website\",\"url\":\"https:\/\/www.s1e.com\/\",\"name\":\"S1E Immigration Services\",\"description\":\"We Help Immigrants and Employers to find eachother in Canada\",\"publisher\":{\"@id\":\"https:\/\/www.s1e.com\/#organization\"},\"potentialAction\":[{\"@type\":\"SearchAction\",\"target\":{\"@type\":\"EntryPoint\",\"urlTemplate\":\"https:\/\/www.s1e.com\/?s={search_term_string}\"},\"query-input\":\"required name=search_term_string\"}],\"inLanguage\":\"fr-FR\"},{\"@type\":\"Organization\",\"@id\":\"https:\/\/www.s1e.com\/#organization\",\"name\":\"S1E - Immigration services\",\"url\":\"https:\/\/www.s1e.com\/\",\"logo\":{\"@type\":\"ImageObject\",\"inLanguage\":\"fr-FR\",\"@id\":\"https:\/\/www.s1e.com\/#\/schema\/logo\/image\/\",\"url\":\"https:\/\/www.s1e.com\/wp-content\/uploads\/2021\/01\/s1e-immigration-logo-1.svg\",\"contentUrl\":\"https:\/\/www.s1e.com\/wp-content\/uploads\/2021\/01\/s1e-immigration-logo-1.svg\",\"width\":236,\"height\":51,\"caption\":\"S1E - Immigration services\"},\"image\":{\"@id\":\"https:\/\/www.s1e.com\/#\/schema\/logo\/image\/\"},\"sameAs\":[\"https:\/\/www.facebook.com\/S1EImmigration\/\",\"https:\/\/ca.linkedin.com\/company\/s1e-immigration\"]}]}<\/script>\n<!-- \/ Yoast SEO plugin. -->","yoast_head_json":{"title":"FAQ - S1E Immigration Services","robots":{"index":"index","follow":"follow","max-snippet":"max-snippet:-1","max-image-preview":"max-image-preview:large","max-video-preview":"max-video-preview:-1"},"canonical":"https:\/\/www.s1e.com\/fr\/faq\/","og_locale":"fr_FR","og_type":"article","og_title":"FAQ - S1E Immigration Services","og_description":"FAQ Vous avez des questions? Nous avons les r\u00e9ponses! Avez-vous encore des questions apr\u00e8s avoir lu les questions fr\u00e9quentes? Contactez-nous Clients Quels sont les services que nous offrons ? Certains clients sont pr\u00eats, ils ont d\u00e9j\u00e0 effectu\u00e9 des recherches et ont besoin d&#8217;un\u00a0consultant en immigration pour travailler sur leur strat\u00e9gie et leur processus de\u00a0demande. D&#8217;autres [&hellip;]","og_url":"https:\/\/www.s1e.com\/fr\/faq\/","og_site_name":"S1E Immigration Services","article_publisher":"https:\/\/www.facebook.com\/S1EImmigration\/","article_modified_time":"2023-05-07T16:55:16+00:00","twitter_card":"summary_large_image","twitter_misc":{"Dur\u00e9e de lecture estim\u00e9e":"2 minutes"},"schema":{"@context":"https:\/\/schema.org","@graph":[{"@type":"WebPage","@id":"https:\/\/www.s1e.com\/fr\/faq\/","url":"https:\/\/www.s1e.com\/fr\/faq\/","name":"FAQ - S1E Immigration Services","isPartOf":{"@id":"https:\/\/www.s1e.com\/#website"},"datePublished":"2021-01-21T15:50:35+00:00","dateModified":"2023-05-07T16:55:16+00:00","breadcrumb":{"@id":"https:\/\/www.s1e.com\/fr\/faq\/#breadcrumb"},"inLanguage":"fr-FR","potentialAction":[{"@type":"ReadAction","target":["https:\/\/www.s1e.com\/fr\/faq\/"]}]},{"@type":"BreadcrumbList","@id":"https:\/\/www.s1e.com\/fr\/faq\/#breadcrumb","itemListElement":[{"@type":"ListItem","position":1,"name":"Home","item":"https:\/\/www.s1e.com\/fr\/"},{"@type":"ListItem","position":2,"name":"FAQ"}]},{"@type":"WebSite","@id":"https:\/\/www.s1e.com\/#website","url":"https:\/\/www.s1e.com\/","name":"S1E Immigration Services","description":"We Help Immigrants and Employers to find eachother in Canada","publisher":{"@id":"https:\/\/www.s1e.com\/#organization"},"potentialAction":[{"@type":"SearchAction","target":{"@type":"EntryPoint","urlTemplate":"https:\/\/www.s1e.com\/?s={search_term_string}"},"query-input":"required name=search_term_string"}],"inLanguage":"fr-FR"},{"@type":"Organization","@id":"https:\/\/www.s1e.com\/#organization","name":"S1E - Immigration services","url":"https:\/\/www.s1e.com\/","logo":{"@type":"ImageObject","inLanguage":"fr-FR","@id":"https:\/\/www.s1e.com\/#\/schema\/logo\/image\/","url":"https:\/\/www.s1e.com\/wp-content\/uploads\/2021\/01\/s1e-immigration-logo-1.svg","contentUrl":"https:\/\/www.s1e.com\/wp-content\/uploads\/2021\/01\/s1e-immigration-logo-1.svg","width":236,"height":51,"caption":"S1E - Immigration services"},"image":{"@id":"https:\/\/www.s1e.com\/#\/schema\/logo\/image\/"},"sameAs":["https:\/\/www.facebook.com\/S1EImmigration\/","https:\/\/ca.linkedin.com\/company\/s1e-immigration"]}]}},"_links":{"self":[{"href":"https:\/\/www.s1e.com\/fr\/wp-json\/wp\/v2\/pages\/828","targetHints":{"allow":["GET"]}}],"collection":[{"href":"https:\/\/www.s1e.com\/fr\/wp-json\/wp\/v2\/pages"}],"about":[{"href":"https:\/\/www.s1e.com\/fr\/wp-json\/wp\/v2\/types\/page"}],"author":[{"embeddable":true,"href":"https:\/\/www.s1e.com\/fr\/wp-json\/wp\/v2\/users\/1"}],"replies":[{"embeddable":true,"href":"https:\/\/www.s1e.com\/fr\/wp-json\/wp\/v2\/comments?post=828"}],"version-history":[{"count":10,"href":"https:\/\/www.s1e.com\/fr\/wp-json\/wp\/v2\/pages\/828\/revisions"}],"predecessor-version":[{"id":874,"href":"https:\/\/www.s1e.com\/fr\/wp-json\/wp\/v2\/pages\/828\/revisions\/874"}],"wp:attachment":[{"href":"https:\/\/www.s1e.com\/fr\/wp-json\/wp\/v2\/media?parent=828"}],"curies":[{"name":"wp","href":"https:\/\/api.w.org\/{rel}","templated":true}]}}